{"id":47,"date":"2025-05-06T15:37:57","date_gmt":"2025-05-06T13:37:57","guid":{"rendered":"https:\/\/www.climbingmadrid.es\/?page_id=47"},"modified":"2026-03-28T18:17:33","modified_gmt":"2026-03-28T17:17:33","slug":"ven-a-verlo","status":"publish","type":"page","link":"https:\/\/www.climbingmadrid.es\/en\/ven-a-verlo\/","title":{"rendered":"Come and see it"},"content":{"rendered":"<p>Get ready to enjoy one of the most fun days out with your family! You can choose the day that suits you best: Thursday, Friday, Saturday, or Sunday. Your ticket will be valid for the entire day.<\/p>\n\n\n\n<p>\ud83d\udc49  Check the <strong><a href=\"https:\/\/www.climbingmadrid.es\/en\/programa\/\" data-type=\"link\" data-id=\"https:\/\/www.climbingmadrid.es\/programa\/\">programa<\/a> <\/strong>program and decide when you'd like to join us.<\/p>\n\n\n\n<h3 class=\"wp-block-heading\">\ud83c\udf9f\ufe0f Get your tickets<\/h3>\n\n\n\n<p>Through our <strong>formulario de inscripci\u00f3n<\/strong>, you can select the days you want to come and join us. For everything to go shot, keep the following in mind:<\/p>\n\n\n\n<ul class=\"wp-block-list\">\n<li><strong>Inscripci\u00f3n \u00fanica:<\/strong> Solo se permite una <strong>inscripci\u00f3n<\/strong> (un correo electr\u00f3nico) por persona.<\/li>\n\n\n\n<li><strong>Final selection:<\/strong> Once the process is complete, you will not be able to request more entries with the same email. <strong>Be sure to mark all the days you wish to attend<\/strong> before to confirm.<\/li>\n\n\n\n<li><strong>Aforo limitado y Cierre de Sistema:<\/strong> Una vez que se agoten las entradas de cada d\u00eda, el sistema bloquear\u00e1 autom\u00e1ticamente la emisi\u00f3n de nuevos pases. <strong>No se facilitar\u00e1n entradas de d\u00edas agotados bajo ning\u00fan concepto ni se atender\u00e1n peticiones manuales a trav\u00e9s del correo de contacto<\/strong>, ya que el sistema no lo permite.<\/li>\n\n\n\n<li><strong>Cambios y errores:<\/strong> Si se ha equivocado de fecha, puede escribirnos exclusivamente para <strong>cancelar su inscripci\u00f3n<\/strong> y liberar la plaza, pero tenga en cuenta que <strong>en ning\u00fan caso se podr\u00e1n asignar entradas para d\u00edas que ya figuren como agotados<\/strong>.<\/li>\n\n\n\n<li><strong>Your pass to the event:<\/strong> Tras completar la <strong>inscripci\u00f3n<\/strong>, recibir\u00e1s un email de confirmaci\u00f3n con tu <strong>QR code<\/strong>. This code is unique and will be valid only for the days that you have selected.<\/li>\n\n\n\n<li><strong>Easy access:<\/strong> You can download your QR directly in your <strong>Wallet<\/strong> o llevarlo en el m\u00f3vil para que lo escaneemos de forma r\u00e1pida en la entrada.<\/li>\n\n\n\n<li><strong>Minor Access<\/strong> All minors under the age of 18 <strong>must be accompanied by an adult<\/strong>. En caso contrario, no se le permitir\u00e1 la entrada al recinto. Para que el menor pueda acceder, deber\u00e1 seleccionar una entrada de menor en el formulario de <strong>inscripci\u00f3n<\/strong>, siempre vinculada a una entrada de adulto en el mismo proceso.<\/li>\n<\/ul>\n\n\n\n<p>\u00bfTienes alguna duda o incidencia t\u00e9cnica? Escr\u00edbenos a <strong>climbing@pi360.es<\/strong> and we will help you gladly.<\/p>\n\n\n\n\n\n<iframe loading=\"lazy\" src=\"https:\/\/event.meetmaps.com\/climbingmadrid2026\/en\/embed\/registration?cmp_action=agreeall\" width=\"100%\" height=\"1400\" style=\"border:0;\"><\/iframe>\n\n\n\n<p><\/p>","protected":false},"excerpt":{"rendered":"<p>\u00a1Prep\u00e1rate para vivir uno de los d\u00edas m\u00e1s divertidos en familia! Puedes elegir el d\u00eda que mejor te encaje: jueves, viernes, s\u00e1bado o domingo. \ud83d\udc49 Consulta el programa y decide cu\u00e1ndo quieres venir. \ud83c\udf9f\ufe0f Consigue tus entradas A trav\u00e9s de nuestro formulario de inscripci\u00f3n, podr\u00e1s seleccionar los d\u00edas que quieras venir a acompa\u00f1arnos. Para que [&hellip;]<\/p>\n","protected":false},"author":5,"featured_media":576,"parent":0,"menu_order":0,"comment_status":"closed","ping_status":"closed","template":"","meta":{"_jf_limit_responses":"","footnotes":""},"class_list":["post-47","page","type-page","status-publish","has-post-thumbnail","hentry"],"_links":{"self":[{"href":"https:\/\/www.climbingmadrid.es\/en\/wp-json\/wp\/v2\/pages\/47","targetHints":{"allow":["GET"]}}],"collection":[{"href":"https:\/\/www.climbingmadrid.es\/en\/wp-json\/wp\/v2\/pages"}],"about":[{"href":"https:\/\/www.climbingmadrid.es\/en\/wp-json\/wp\/v2\/types\/page"}],"author":[{"embeddable":true,"href":"https:\/\/www.climbingmadrid.es\/en\/wp-json\/wp\/v2\/users\/5"}],"replies":[{"embeddable":true,"href":"https:\/\/www.climbingmadrid.es\/en\/wp-json\/wp\/v2\/comments?post=47"}],"version-history":[{"count":3,"href":"https:\/\/www.climbingmadrid.es\/en\/wp-json\/wp\/v2\/pages\/47\/revisions"}],"predecessor-version":[{"id":2408,"href":"https:\/\/www.climbingmadrid.es\/en\/wp-json\/wp\/v2\/pages\/47\/revisions\/2408"}],"wp:featuredmedia":[{"embeddable":true,"href":"https:\/\/www.climbingmadrid.es\/en\/wp-json\/wp\/v2\/media\/576"}],"wp:attachment":[{"href":"https:\/\/www.climbingmadrid.es\/en\/wp-json\/wp\/v2\/media?parent=47"}],"curies":[{"name":"wp","href":"https:\/\/api.w.org\/{rel}","templated":true}]}}