{"id":53,"date":"2025-05-06T15:39:18","date_gmt":"2025-05-06T13:39:18","guid":{"rendered":"https:\/\/www.climbingmadrid.es\/?page_id=53"},"modified":"2026-03-16T16:39:06","modified_gmt":"2026-03-16T15:39:06","slug":"informacion-util","status":"publish","type":"page","link":"https:\/\/www.climbingmadrid.es\/en\/informacion-util\/","title":{"rendered":"Useful information"},"content":{"rendered":"<div class=\"wp-block-columns is-layout-flex wp-container-core-columns-is-layout-9d6595d7 wp-block-columns-is-layout-flex\">\n<div class=\"wp-block-column is-layout-flow wp-block-column-is-layout-flow\">\n<p>We are proud to share that the <strong>World Climbing Series Comunidad de Madrid<\/strong> operates under standards of sustainability and respect for the environment. Our event is not only seeks to offer the best climbing of the world's elite, but also taking care of our planet!<\/p>\n\n\n\n<p>For us, the top most important is the preservation of our environment. Therefore, under our commitment to sustainability, we want to invite you to be part of this effort using the access options that are more responsible.<\/p>\n\n\n\n<p>Below, we provide all the information necessary to get to the venue of the most sustainable and efficient. <strong>Your choice of transport is also making a difference!<\/strong><\/p>\n<\/div>\n\n\n\n<div class=\"wp-block-column is-layout-flow wp-block-column-is-layout-flow\" style=\"flex-basis:200px\">\n<figure class=\"wp-block-gallery has-nested-images columns-default is-cropped wp-block-gallery-1 is-layout-flex wp-block-gallery-is-layout-flex\">\n<figure class=\"wp-block-image size-large\"><img loading=\"lazy\" decoding=\"async\" width=\"200\" height=\"200\" data-id=\"2072\" src=\"https:\/\/www.climbingmadrid.es\/wp-content\/uploads\/2025\/07\/bgreenly.png\" alt=\"\" class=\"wp-image-2072\" srcset=\"https:\/\/www.climbingmadrid.es\/wp-content\/uploads\/2025\/07\/bgreenly.png 200w, https:\/\/www.climbingmadrid.es\/wp-content\/uploads\/2025\/07\/bgreenly-150x150.png 150w, https:\/\/www.climbingmadrid.es\/wp-content\/uploads\/2025\/07\/bgreenly-12x12.png 12w\" sizes=\"auto, (max-width: 200px) 100vw, 200px\" \/><\/figure>\n<\/figure>\n<\/div>\n<\/div>\n\n\n\n<p><\/p>","protected":false},"excerpt":{"rendered":"<p>Nos enorgullece compartir que la World Climbing Series Comunidad de Madrid opera bajo est\u00e1ndares de sostenibilidad y respeto al medio ambiente. Nuestro evento no solo busca ofrecer la mejor escalada de \u00e9lite del mundo, \u00a1sino tambi\u00e9n cuidar de nuestro planeta! Para nosotros, la cima m\u00e1s importante es la preservaci\u00f3n de nuestro entorno. Por ello, bajo [&hellip;]<\/p>\n","protected":false},"author":5,"featured_media":569,"parent":0,"menu_order":0,"comment_status":"closed","ping_status":"closed","template":"","meta":{"_jf_limit_responses":"","footnotes":""},"class_list":["post-53","page","type-page","status-publish","has-post-thumbnail","hentry"],"_links":{"self":[{"href":"https:\/\/www.climbingmadrid.es\/en\/wp-json\/wp\/v2\/pages\/53","targetHints":{"allow":["GET"]}}],"collection":[{"href":"https:\/\/www.climbingmadrid.es\/en\/wp-json\/wp\/v2\/pages"}],"about":[{"href":"https:\/\/www.climbingmadrid.es\/en\/wp-json\/wp\/v2\/types\/page"}],"author":[{"embeddable":true,"href":"https:\/\/www.climbingmadrid.es\/en\/wp-json\/wp\/v2\/users\/5"}],"replies":[{"embeddable":true,"href":"https:\/\/www.climbingmadrid.es\/en\/wp-json\/wp\/v2\/comments?post=53"}],"version-history":[{"count":2,"href":"https:\/\/www.climbingmadrid.es\/en\/wp-json\/wp\/v2\/pages\/53\/revisions"}],"predecessor-version":[{"id":2304,"href":"https:\/\/www.climbingmadrid.es\/en\/wp-json\/wp\/v2\/pages\/53\/revisions\/2304"}],"wp:featuredmedia":[{"embeddable":true,"href":"https:\/\/www.climbingmadrid.es\/en\/wp-json\/wp\/v2\/media\/569"}],"wp:attachment":[{"href":"https:\/\/www.climbingmadrid.es\/en\/wp-json\/wp\/v2\/media?parent=53"}],"curies":[{"name":"wp","href":"https:\/\/api.w.org\/{rel}","templated":true}]}}